{"id":462,"date":"2019-10-18T15:32:01","date_gmt":"2019-10-18T13:32:01","guid":{"rendered":"https:\/\/www.ifak-ts.com\/impressum\/"},"modified":"2024-03-18T09:35:06","modified_gmt":"2024-03-18T08:35:06","slug":"imprint","status":"publish","type":"page","link":"https:\/\/www.ifak-ts.com\/en\/imprint\/","title":{"rendered":"Imprint"},"content":{"rendered":"<div class=\"wpb-content-wrapper\"><p>[vc_row][vc_column][vc_column_text]<\/p>\r\n<p><strong>ifak technology + service GmbH<\/strong><\/p>\r\n<p>Managing Director:<br \/>Dr. Matthias Riedl<\/p>\r\n\r\n<p>Anschrift:<br \/>ifak technology + service GmbH<br \/>Florianstr. 15 &#8211; 21<br \/>44139 Dortmund<\/p>\r\n<p>Phone: +49 (0)231 &#8211; 9977350<\/p>\r\n<p>Registry:<br \/>Destrict Court Dortmund, HRB 35924<\/p>\r\n\r\n<p>Ust.-IdNr.:<br \/>DE309983005<\/p>\r\n\r\n<p>Copyright \u00a9 2024 by ifak technology + service GmbH, All rights reserved<\/p>\r\n<p>[\/vc_column_text][\/vc_column][\/vc_row][vc_row][vc_column][vc_column_text]<\/p>\r\n<div class=\"title-h3\">Haftungsausschluss<\/div>\r\n<p>[\/vc_column_text][\/vc_column][\/vc_row][vc_row][vc_column][vc_column_text]<\/p>\r\n<p><strong>Nutzungsbedingungen und Haftungsausschluss<\/strong><\/p>\r\n<p>Alle Informationen dienen zur pers\u00f6nlichen Information &#8211; eine kommerzielle Nutzung der Informationen, Beschreibungen und Bilder ist nicht erlaubt.<br \/>Die bereitgestellten Informationen auf unseren Webseiten wurden sorgf\u00e4ltig gepr\u00fcft und werden regelm\u00e4\u00dfig aktualisiert. Jedoch kann keine Garantie daf\u00fcr \u00fcbernommen werden, dass alle Angaben zu jeder Zeit vollst\u00e4ndig, richtig und aktuell dargestellt sind.<br \/>Alle Angaben und Informationen k\u00f6nnen ohne vorherige Ank\u00fcndigung erg\u00e4nzt, entfernt oder ge\u00e4ndert werden.<br \/>Dieser Haftungsausschluss ist als Teil des Internetangebotes zu betrachten, von dem aus auf diese Seite verwiesen wurde. Sofern Teile oder einzelne Formulierungen dieses Textes der geltenden Rechtslage nicht, nicht mehr oder nicht vollst\u00e4ndig entsprechen sollten, bleiben die \u00fcbrigen Teile des Dokumentes in ihrem Inhalt und ihrer G\u00fcltigkeit davon unber\u00fchrt.<\/p>\r\n<p class=\"title-h2 title-h3\"><\/p>\r\n<p><strong>Wichtiger Hinweis zu allen externen Links<\/strong><br \/>Auf den Webseiten der ifak technology + service GmbH finden sich Verweise auf andere Angebote im Internet. Wenngleich die ifak technology + service GmbH diese Inhalte sorgf\u00e4ltig gepr\u00fcft hat, \u00fcbernehmen wir keinerlei Verantwortung f\u00fcr fremde Inhalte. Aussagen und Meinungen, die dort vertreten werden, stimmen nicht unbedingt mit der Meinung der ifak technology + service GmbH \u00fcberein.<\/p>\r\n<p class=\"title-h2 title-h3\"><\/p>\r\n<p><strong>Copyrights und Warenzeichen <\/strong><br \/>Alle auf dieser Website genannten Produktnamen, Produktbezeichnungen und Logos sind auch ohne gesonderte Kennzeichnung u. U. eingetragene Warenzeichen und Eigentum der jeweiligen Rechte-Inhaber.<\/p>\r\n<p>[\/vc_column_text][\/vc_column][\/vc_row][vc_row][vc_column][vc_column_text]<\/p>\r\n<div class=\"title-h3\">Bildnachweise<\/div>\r\n<p>[\/vc_column_text][\/vc_column][\/vc_row][vc_row][vc_column][vc_column_text]<\/p>\r\n<p>Alle Bilder von Shutterstock Inc., www.shutterstock.com<\/p>\r\n<p>[\/vc_column_text][\/vc_column][\/vc_row]<\/p><\/div>","protected":false},"excerpt":{"rendered":"<p>[vc_row][vc_column][vc_column_text] ifak technology + service GmbH Managing Director:Dr. Matthias Riedl Anschrift:ifak technology + service GmbHFlorianstr. 15 &#8211; 2144139 Dortmund Phone: +49 (0)231 &#8211; 9977350 Registry:Destrict Court Dortmund, HRB 35924 Ust.-IdNr.:DE309983005 Copyright \u00a9 2024 by ifak technology + service GmbH, All rights reserved [\/vc_column_text][\/vc_column][\/vc_row][vc_row][vc_column][vc_column_text] Haftungsausschluss [\/vc_column_text][\/vc_column][\/vc_row][vc_row][vc_column][vc_column_text] Nutzungsbedingungen und Haftungsausschluss Alle Informationen dienen zur pers\u00f6nlichen Information &#8211; eine kommerzielle Nutzung der Informationen, Beschreibungen und Bilder ist nicht erlaubt.Die bereitgestellten Informationen auf unseren Webseiten wurden sorgf\u00e4ltig gepr\u00fcft und werden regelm\u00e4\u00dfig aktualisiert. Jedoch kann keine Garantie daf\u00fcr \u00fcbernommen werden, dass alle Angaben zu jeder Zeit vollst\u00e4ndig, richtig und aktuell dargestellt sind.Alle Angaben und Informationen k\u00f6nnen ohne vorherige Ank\u00fcndigung erg\u00e4nzt, entfernt oder ge\u00e4ndert werden.Dieser Haftungsausschluss ist als Teil des Internetangebotes zu betrachten, von dem aus auf diese Seite verwiesen wurde. Sofern Teile oder einzelne Formulierungen dieses Textes der geltenden Rechtslage nicht, nicht mehr oder nicht vollst\u00e4ndig entsprechen sollten, bleiben die \u00fcbrigen Teile des Dokumentes in&#8230;<\/p>\n","protected":false},"author":1,"featured_media":0,"parent":0,"menu_order":3,"comment_status":"closed","ping_status":"closed","template":"","meta":{"footnotes":""},"class_list":["post-462","page","type-page","status-publish"],"_links":{"self":[{"href":"https:\/\/www.ifak-ts.com\/en\/wp-json\/wp\/v2\/pages\/462","targetHints":{"allow":["GET"]}}],"collection":[{"href":"https:\/\/www.ifak-ts.com\/en\/wp-json\/wp\/v2\/pages"}],"about":[{"href":"https:\/\/www.ifak-ts.com\/en\/wp-json\/wp\/v2\/types\/page"}],"author":[{"embeddable":true,"href":"https:\/\/www.ifak-ts.com\/en\/wp-json\/wp\/v2\/users\/1"}],"replies":[{"embeddable":true,"href":"https:\/\/www.ifak-ts.com\/en\/wp-json\/wp\/v2\/comments?post=462"}],"version-history":[{"count":4,"href":"https:\/\/www.ifak-ts.com\/en\/wp-json\/wp\/v2\/pages\/462\/revisions"}],"predecessor-version":[{"id":792,"href":"https:\/\/www.ifak-ts.com\/en\/wp-json\/wp\/v2\/pages\/462\/revisions\/792"}],"wp:attachment":[{"href":"https:\/\/www.ifak-ts.com\/en\/wp-json\/wp\/v2\/media?parent=462"}],"curies":[{"name":"wp","href":"https:\/\/api.w.org\/{rel}","templated":true}]}}